{"id":53,"date":"2009-03-08T11:10:04","date_gmt":"2009-03-08T10:10:04","guid":{"rendered":"http:\/\/ac-feldatal.de\/?page_id=53"},"modified":"2022-03-23T09:02:01","modified_gmt":"2022-03-23T08:02:01","slug":"der-vorstand","status":"publish","type":"page","link":"http:\/\/ac-feldatal.de\/?page_id=53","title":{"rendered":"Der Vorstand"},"content":{"rendered":"<p><strong>Vorstand des Vereins<br \/>\n<\/strong>Stand: 2021<\/p>\n<p><span style=\"text-decoration: underline;\">1. Vorsitzender<\/span><\/p>\n<p style=\"padding-left: 30px;\">Timo Kurt Schott<\/p>\n<p><span style=\"text-decoration: underline;\">2. Vorsitzender<\/span><\/p>\n<p style=\"padding-left: 30px;\">Klaus Wenzel<\/p>\n<p><span style=\"text-decoration: underline;\">Schriftf\u00fchrer<\/span><\/p>\n<p style=\"padding-left: 30px;\">Herbert Schott<\/p>\n<p><span style=\"text-decoration: underline;\">Kassenwart<\/span><\/p>\n<p style=\"padding-left: 30px;\">Dr. Tobias Schott<\/p>\n<p><span style=\"text-decoration: underline;\">Gew\u00e4sserwarte<\/span><\/p>\n<p style=\"padding-left: 30px;\">Lukas Wenzel<br \/>\nMatthias Tuppi<\/p>\n<p><span style=\"text-decoration: underline;\">Jugendwarte<\/span><\/p>\n<p style=\"padding-left: 30px;\">Kevin Endres<br \/>\nBj\u00f6rn Klaus<\/p>\n","protected":false},"excerpt":{"rendered":"<p>Vorstand des Vereins Stand: 2021 1. Vorsitzender Timo Kurt Schott 2. Vorsitzender Klaus Wenzel Schriftf\u00fchrer Herbert Schott Kassenwart Dr. Tobias Schott Gew\u00e4sserwarte Lukas Wenzel Matthias Tuppi Jugendwarte Kevin Endres Bj\u00f6rn Klaus<\/p>\n","protected":false},"author":1,"featured_media":0,"parent":2,"menu_order":0,"comment_status":"closed","ping_status":"closed","template":"","meta":{"_monsterinsights_skip_tracking":false,"_monsterinsights_sitenote_active":false,"_monsterinsights_sitenote_note":"","_monsterinsights_sitenote_category":0,"ngg_post_thumbnail":0,"footnotes":""},"aioseo_notices":[],"_links":{"self":[{"href":"http:\/\/ac-feldatal.de\/index.php?rest_route=\/wp\/v2\/pages\/53"}],"collection":[{"href":"http:\/\/ac-feldatal.de\/index.php?rest_route=\/wp\/v2\/pages"}],"about":[{"href":"http:\/\/ac-feldatal.de\/index.php?rest_route=\/wp\/v2\/types\/page"}],"author":[{"embeddable":true,"href":"http:\/\/ac-feldatal.de\/index.php?rest_route=\/wp\/v2\/users\/1"}],"replies":[{"embeddable":true,"href":"http:\/\/ac-feldatal.de\/index.php?rest_route=%2Fwp%2Fv2%2Fcomments&post=53"}],"version-history":[{"count":2,"href":"http:\/\/ac-feldatal.de\/index.php?rest_route=\/wp\/v2\/pages\/53\/revisions"}],"predecessor-version":[{"id":1725,"href":"http:\/\/ac-feldatal.de\/index.php?rest_route=\/wp\/v2\/pages\/53\/revisions\/1725"}],"up":[{"embeddable":true,"href":"http:\/\/ac-feldatal.de\/index.php?rest_route=\/wp\/v2\/pages\/2"}],"wp:attachment":[{"href":"http:\/\/ac-feldatal.de\/index.php?rest_route=%2Fwp%2Fv2%2Fmedia&parent=53"}],"curies":[{"name":"wp","href":"https:\/\/api.w.org\/{rel}","templated":true}]}}