{"id":1405,"date":"2017-02-04T21:55:38","date_gmt":"2017-02-04T20:55:38","guid":{"rendered":"http:\/\/ac-feldatal.de\/?page_id=1405"},"modified":"2017-02-04T22:08:56","modified_gmt":"2017-02-04T21:08:56","slug":"schonzeiten-masse","status":"publish","type":"page","link":"http:\/\/ac-feldatal.de\/?page_id=1405","title":{"rendered":"Schonzeiten, Ma\u00dfe"},"content":{"rendered":"<p>Die Angaben zu den Schonzeiten und Mindestma\u00dfen in Hessen und besonders betreffend unsere Gew\u00e4sser&nbsp;wurden nach bestem Wissen gemacht. Dennoch kann keine Garantie f\u00fcr die Angaben \u00fcbernommen werden.<\/p>\n<p>Unterma\u00dfige sowie der Schonzeit nach \u00a72 oder dem Fangverbot nach \u00a71 unterliegende Tiere m\u00fcssen unverz\u00fcglich und&nbsp;sorgf\u00e4ltig zur\u00fcckgesetzt werden.<br \/>\nDas Zur\u00fccksetzen eines Fisches, Rundmaules, Krebses oder einer Muschel nach dem Fang ohne vern\u00fcnftigen Grund ist verboten.<\/p>\n<p><strong>Schonzeiten und Mindestma\u00dfe<\/strong><\/p>\n<table style=\"background-color: #dfdbff;\">\n<thead>\n<tr style=\"background-color: #c8c2f0; height: 50px;\">\n<td style=\"height: 60px;\" valign=\"top\" width=\"132\"><strong>Fischart<\/strong><\/td>\n<td style=\"height: 60px;\" valign=\"top\" width=\"104\">\n<p class=\"align-center\"><strong>Schonzeit<\/strong><\/p>\n<\/td>\n<td style=\"height: 60px;\" valign=\"top\" width=\"85\">\n<p class=\"align-center\"><strong>Mindestma\u00df<br \/>\n<\/strong><strong> in cm<\/strong><\/p>\n<\/td>\n<\/tr>\n<\/thead>\n<tbody>\n<tr class=\"align-left\" style=\"height: 42px;\">\n<td style=\"height: 42px;\" valign=\"top\" width=\"132\">Aal<\/td>\n<td style=\"height: 42px;\" valign=\"top\" width=\"104\">\n<p class=\"align-center\">1.10.-1.3.<\/p>\n<\/td>\n<td style=\"height: 42px;\" valign=\"top\" width=\"85\">\n<p class=\"align-center\">50<\/p>\n<\/td>\n<\/tr>\n<tr style=\"height: 42px;\">\n<td style=\"height: 42px;\" valign=\"top\" width=\"132\">\u00c4sche<\/td>\n<td style=\"height: 42px;\" valign=\"top\" width=\"104\">\n<p class=\"align-center\">1.3.-15.5.<\/p>\n<\/td>\n<td style=\"height: 42px;\" valign=\"top\" width=\"85\">\n<p class=\"align-center\">30<\/p>\n<\/td>\n<\/tr>\n<tr style=\"height: 42px;\">\n<td style=\"height: 42px;\" valign=\"top\" width=\"132\">Atlantische Forelle (Bach-, Meer-, Seeforellen)<\/td>\n<td style=\"height: 42px;\" valign=\"top\" width=\"104\">\n<p class=\"align-center\">1.10.-31.3.<\/p>\n<\/td>\n<td style=\"height: 42px;\" valign=\"top\" width=\"85\">\n<p class=\"align-center\">25<\/p>\n<\/td>\n<\/tr>\n<tr style=\"height: 42px;\">\n<td style=\"height: 42px;\" valign=\"top\" width=\"132\">Barbe<\/td>\n<td style=\"height: 42px;\" valign=\"top\" width=\"104\">\n<p class=\"align-center\">&#8211;<\/p>\n<\/td>\n<td style=\"height: 42px;\" valign=\"top\" width=\"85\">\n<p class=\"align-center\">40<\/p>\n<\/td>\n<\/tr>\n<tr style=\"height: 42px;\">\n<td style=\"height: 42px;\" valign=\"top\" width=\"132\">Hecht<\/td>\n<td style=\"height: 42px;\" valign=\"top\" width=\"104\">\n<p class=\"align-center\">1.2.-15.4.<\/p>\n<\/td>\n<td style=\"height: 42px;\" valign=\"top\" width=\"85\">\n<p class=\"align-center\">50<\/p>\n<\/td>\n<\/tr>\n<tr style=\"height: 42px;\">\n<td style=\"height: 42px;\" valign=\"top\" width=\"132\">Karpfen (Wildform)<\/td>\n<td style=\"height: 42px;\" valign=\"top\" width=\"104\">\n<p class=\"align-center\">15.3.-31.5.<\/p>\n<\/td>\n<td style=\"height: 42px;\" valign=\"top\" width=\"85\">\n<p class=\"align-center\">45<\/p>\n<\/td>\n<\/tr>\n<tr style=\"height: 42px;\">\n<td style=\"height: 42px;\" valign=\"top\" width=\"132\">Moderlieschen<\/td>\n<td style=\"height: 42px;\" valign=\"top\" width=\"104\">\n<p class=\"align-center\">1.5.-30.6.<\/p>\n<\/td>\n<td style=\"height: 42px;\" valign=\"top\" width=\"85\">\n<p class=\"align-center\">&#8211;<\/p>\n<\/td>\n<\/tr>\n<tr style=\"height: 42px;\">\n<td style=\"height: 42px;\" valign=\"top\" width=\"132\">Nase<\/td>\n<td style=\"height: 42px;\" valign=\"top\" width=\"104\">\n<p class=\"align-center\">15.3.-30.4.<\/p>\n<\/td>\n<td style=\"height: 42px;\" valign=\"top\" width=\"85\">\n<p class=\"align-center\">25<\/p>\n<\/td>\n<\/tr>\n<tr style=\"height: 42px;\">\n<td style=\"height: 42px;\" valign=\"top\" width=\"132\">Rotfeder<\/td>\n<td style=\"height: 42px;\" valign=\"top\" width=\"104\">\n<p class=\"align-center\">15.3.-31.5.<\/p>\n<\/td>\n<td style=\"height: 42px;\" valign=\"top\" width=\"85\">\n<p class=\"align-center\">20<\/p>\n<\/td>\n<\/tr>\n<tr style=\"height: 42px;\">\n<td style=\"height: 42px;\" valign=\"top\" width=\"132\">Schleie<\/td>\n<td style=\"height: 42px;\" valign=\"top\" width=\"104\">\n<p class=\"align-center\">1.5.-30.6.<\/p>\n<\/td>\n<td style=\"height: 42px;\" valign=\"top\" width=\"85\">\n<p class=\"align-center\">25<\/p>\n<\/td>\n<\/tr>\n<tr style=\"height: 42px;\">\n<td style=\"height: 42px;\" valign=\"top\" width=\"132\">Zander<\/td>\n<td style=\"height: 42px;\" valign=\"top\" width=\"104\">\n<p class=\"align-center\">&#8211;<\/p>\n<\/td>\n<td style=\"height: 42px;\" valign=\"top\" width=\"85\">\n<p class=\"align-center\">50<\/p>\n<\/td>\n<\/tr>\n<\/tbody>\n<\/table>\n<p>Im Zuge von Besatz- und gew\u00e4ssersch\u00fctzenden Ma\u00dfnahmen k\u00f6nnen&nbsp;Vereinsgew\u00e4sser gesperrt sein und d\u00fcrfen nicht beangelt werden. Jeder Angler hat sich selbst davon kundig zu machen.<\/p>\n","protected":false},"excerpt":{"rendered":"<p>Die Angaben zu den Schonzeiten und Mindestma\u00dfen in Hessen und besonders betreffend unsere Gew\u00e4sser&nbsp;wurden nach bestem Wissen gemacht. Dennoch kann keine Garantie f\u00fcr die Angaben \u00fcbernommen werden. Unterma\u00dfige sowie der Schonzeit nach \u00a72 oder dem Fangverbot nach \u00a71 unterliegende Tiere m\u00fcssen unverz\u00fcglich und&nbsp;sorgf\u00e4ltig zur\u00fcckgesetzt werden. Das Zur\u00fccksetzen eines Fisches, Rundmaules, Krebses oder einer Muschel nach &hellip; <a href=\"http:\/\/ac-feldatal.de\/?page_id=1405\" class=\"more-link\"><span class=\"screen-reader-text\">Schonzeiten, Ma\u00dfe<\/span> weiterlesen <span class=\"meta-nav\">&rarr;<\/span><\/a><\/p>\n","protected":false},"author":1,"featured_media":0,"parent":9,"menu_order":0,"comment_status":"closed","ping_status":"closed","template":"","meta":{"_monsterinsights_skip_tracking":false,"_monsterinsights_sitenote_active":false,"_monsterinsights_sitenote_note":"","_monsterinsights_sitenote_category":0,"ngg_post_thumbnail":0,"footnotes":""},"aioseo_notices":[],"_links":{"self":[{"href":"http:\/\/ac-feldatal.de\/index.php?rest_route=\/wp\/v2\/pages\/1405"}],"collection":[{"href":"http:\/\/ac-feldatal.de\/index.php?rest_route=\/wp\/v2\/pages"}],"about":[{"href":"http:\/\/ac-feldatal.de\/index.php?rest_route=\/wp\/v2\/types\/page"}],"author":[{"embeddable":true,"href":"http:\/\/ac-feldatal.de\/index.php?rest_route=\/wp\/v2\/users\/1"}],"replies":[{"embeddable":true,"href":"http:\/\/ac-feldatal.de\/index.php?rest_route=%2Fwp%2Fv2%2Fcomments&post=1405"}],"version-history":[{"count":0,"href":"http:\/\/ac-feldatal.de\/index.php?rest_route=\/wp\/v2\/pages\/1405\/revisions"}],"up":[{"embeddable":true,"href":"http:\/\/ac-feldatal.de\/index.php?rest_route=\/wp\/v2\/pages\/9"}],"wp:attachment":[{"href":"http:\/\/ac-feldatal.de\/index.php?rest_route=%2Fwp%2Fv2%2Fmedia&parent=1405"}],"curies":[{"name":"wp","href":"https:\/\/api.w.org\/{rel}","templated":true}]}}